{"id":5047,"date":"2021-05-20T10:10:23","date_gmt":"2021-05-20T08:10:23","guid":{"rendered":"https:\/\/gdrvertige.com\/actualites\/"},"modified":"2021-07-08T19:30:25","modified_gmt":"2021-07-08T17:30:25","slug":"news","status":"publish","type":"page","link":"https:\/\/gdrvertige.com\/en\/news\/","title":{"rendered":"News"},"content":{"rendered":"\t\t<div data-elementor-type=\"wp-page\" data-elementor-id=\"5047\" class=\"elementor elementor-5047 elementor-3906\" data-elementor-settings=\"[]\">\n\t\t\t\t\t\t<div class=\"elementor-inner\">\n\t\t\t\t\t\t\t<div class=\"elementor-section-wrap\">\n\t\t\t\t\t\t\t<section class=\"elementor-section elementor-top-section elementor-element elementor-element-4ee1666 elementor-section-boxed elementor-section-height-default elementor-section-height-default\" data-id=\"4ee1666\" data-element_type=\"section\">\n\t\t\t\t\t\t<div class=\"elementor-container elementor-column-gap-no\">\n\t\t\t\t\t\t\t<div class=\"elementor-row\">\n\t\t\t\t\t<div class=\"elementor-column elementor-col-100 elementor-top-column elementor-element elementor-element-b770dbd\" data-id=\"b770dbd\" data-element_type=\"column\">\n\t\t\t<div class=\"elementor-column-wrap elementor-element-populated\">\n\t\t\t\t\t\t\t<div class=\"elementor-widget-wrap\">\n\t\t\t\t\t\t<div class=\"elementor-element elementor-element-bbda717 elementor-widget elementor-widget-text-editor\" data-id=\"bbda717\" data-element_type=\"widget\" data-widget_type=\"text-editor.default\">\n\t\t\t\t<div class=\"elementor-widget-container\">\n\t\t\t\t\t\t\t\t<div class=\"elementor-text-editor elementor-clearfix\">\n\t\t\t\t\t\t\t\t\t<\/div>\n\t\t\t\t\t\t<\/div>\n\t\t\t\t<\/div>\n\t\t\t\t<div class=\"elementor-element elementor-element-35b2ee2 elementor-widget elementor-widget-wgl-blog\" data-id=\"35b2ee2\" data-element_type=\"widget\" data-settings=\"{&quot;blog_columns&quot;:&quot;4&quot;}\" data-widget_type=\"wgl-blog.default\">\n\t\t\t\t<div class=\"elementor-widget-container\">\n\t\t\t<section class=\"wgl_cpt_section\"><div class=\"blog-posts\"><div class=\"container-grid row  blog_columns-3 grid blog-style-standard\"><div class=\"wgl_col-4 item\"><div class=\"blog-post format-standard-image\"><div class=\"blog-post_wrapper\"><div class=\"blog-post_media\"><div class=\"blog-post_media_part\"><a href=\"https:\/\/gdrvertige.com\/en\/2021\/06\/23\/conference-a-la-cite-des-science-16-mars-a-19h-quand-nos-emotions-donnent-le-vertige\/\" class=\"blog-post_feature-link\"><img src='https:\/\/gdrvertige.com\/wp-content\/uploads\/2020\/02\/EmotionsVertige-430-990x840.jpg' alt='' \/><\/a><\/div><\/div><span class=\"post_date\">23\/06\/2021<\/span><div class=\"blog-post_content\"><h3 class=\"blog-post_title\"><a href=\"https:\/\/gdrvertige.com\/en\/2021\/06\/23\/conference-a-la-cite-des-science-16-mars-a-19h-quand-nos-emotions-donnent-le-vertige\/\">Conf\u00e9rence \u00e0 la Cit\u00e9 des Science (16 Mars \u00e0 19h) &#8220;Quand nos \u00e9motions donnent le vertige&#8221;<\/a><\/h3><div class=\"blog-post_text\"><p>\nA l&#8217;occasion de la Semaine du Cerveau, St\u00e9phane Besnard et Quentin Montardy, membres...<\/p><\/div><a href=\"https:\/\/gdrvertige.com\/en\/2021\/06\/23\/conference-a-la-cite-des-science-16-mars-a-19h-quand-nos-emotions-donnent-le-vertige\/\" class=\"button-read-more\"><span class=\"read-more-arrow\"><\/span>Lire la suite<\/a><\/div><\/div><\/div><\/div><div class=\"wgl_col-4 item\"><div class=\"blog-post format-standard-image\"><div class=\"blog-post_wrapper\"><div class=\"blog-post_media\"><div class=\"blog-post_media_part\"><a href=\"https:\/\/gdrvertige.com\/en\/2021\/06\/23\/actu\/\" class=\"blog-post_feature-link\"><img src='https:\/\/gdrvertige.com\/wp-content\/uploads\/2020\/11\/Capture-decran-2021-03-29-a-15.38.45-713x840-990x840.png' alt='' \/><\/a><\/div><\/div><span class=\"post_date\">23\/06\/2021<\/span><div class=\"blog-post_content\"><h3 class=\"blog-post_title\"><a href=\"https:\/\/gdrvertige.com\/en\/2021\/06\/23\/actu\/\">actu<\/a><\/h3><div class=\"blog-post_text\"><p>\t\t\t\t\t\t\t\t\t\t\t\n250 000 vues pour l&#8217;E-book en acc\u00e8s libre: The Vestibular System in...<\/p><\/div><a href=\"https:\/\/gdrvertige.com\/en\/2021\/06\/23\/actu\/\" class=\"button-read-more\"><span class=\"read-more-arrow\"><\/span>Lire la suite<\/a><\/div><\/div><\/div><\/div><\/div><\/div><\/section>\t\t<\/div>\n\t\t\t\t<\/div>\n\t\t\t\t\t\t<\/div>\n\t\t\t\t\t<\/div>\n\t\t<\/div>\n\t\t\t\t\t\t\t\t<\/div>\n\t\t\t\t\t<\/div>\n\t\t<\/section>\n\t\t\t\t\t\t<\/div>\n\t\t\t\t\t\t<\/div>\n\t\t\t\t\t<\/div>\n\t\t","protected":false},"excerpt":{"rendered":"<p>29\/03\/2021 actu &#8230; Lire la suite09\/03\/2021 Conf\u00e9rence \u00e0 la Cit\u00e9 des Science (16 Mars \u00e0 19h) \u00ab&nbsp;Quand nos \u00e9motions donnent le vertige&nbsp;\u00bb A&#8230; Lire la suite<\/p>\n","protected":false},"author":1,"featured_media":0,"parent":0,"menu_order":0,"comment_status":"closed","ping_status":"closed","template":"","meta":{"footnotes":""},"class_list":["post-5047","page","type-page","status-publish","hentry"],"yoast_head":"<!-- This site is optimized with the Yoast SEO plugin v24.5 - https:\/\/yoast.com\/wordpress\/plugins\/seo\/ -->\n<title>News - GDR Vertige<\/title>\n<meta name=\"robots\" content=\"index, follow, max-snippet:-1, max-image-preview:large, max-video-preview:-1\" \/>\n<link rel=\"canonical\" href=\"https:\/\/gdrvertige.com\/en\/news\/\" \/>\n<meta property=\"og:locale\" content=\"en_US\" \/>\n<meta property=\"og:type\" content=\"article\" \/>\n<meta property=\"og:title\" content=\"News - GDR Vertige\" \/>\n<meta property=\"og:description\" content=\"29\/03\/2021 actu &#8230; Lire la suite09\/03\/2021 Conf\u00e9rence \u00e0 la Cit\u00e9 des Science (16 Mars \u00e0 19h) \u00ab&nbsp;Quand nos \u00e9motions donnent le vertige&nbsp;\u00bb A&#8230; Lire la suite\" \/>\n<meta property=\"og:url\" content=\"https:\/\/gdrvertige.com\/en\/news\/\" \/>\n<meta property=\"og:site_name\" content=\"GDR Vertige\" \/>\n<meta property=\"article:modified_time\" content=\"2021-07-08T17:30:25+00:00\" \/>\n<meta property=\"og:image\" content=\"https:\/\/gdrvertige.com\/wp-content\/uploads\/2020\/11\/Capture-decran-2021-03-29-a-15.38.45-713x840-990x840.png\" \/>\n<meta name=\"twitter:card\" content=\"summary_large_image\" \/>\n<script type=\"application\/ld+json\" class=\"yoast-schema-graph\">{\"@context\":\"https:\/\/schema.org\",\"@graph\":[{\"@type\":\"WebPage\",\"@id\":\"https:\/\/gdrvertige.com\/en\/news\/\",\"url\":\"https:\/\/gdrvertige.com\/en\/news\/\",\"name\":\"News - GDR Vertige\",\"isPartOf\":{\"@id\":\"https:\/\/gdrvertige.com\/en\/#website\"},\"primaryImageOfPage\":{\"@id\":\"https:\/\/gdrvertige.com\/en\/news\/#primaryimage\"},\"image\":{\"@id\":\"https:\/\/gdrvertige.com\/en\/news\/#primaryimage\"},\"thumbnailUrl\":\"https:\/\/gdrvertige.com\/wp-content\/uploads\/2020\/11\/Capture-decran-2021-03-29-a-15.38.45-713x840-990x840.png\",\"datePublished\":\"2021-05-20T08:10:23+00:00\",\"dateModified\":\"2021-07-08T17:30:25+00:00\",\"breadcrumb\":{\"@id\":\"https:\/\/gdrvertige.com\/en\/news\/#breadcrumb\"},\"inLanguage\":\"en-US\",\"potentialAction\":[{\"@type\":\"ReadAction\",\"target\":[\"https:\/\/gdrvertige.com\/en\/news\/\"]}]},{\"@type\":\"ImageObject\",\"inLanguage\":\"en-US\",\"@id\":\"https:\/\/gdrvertige.com\/en\/news\/#primaryimage\",\"url\":\"https:\/\/gdrvertige.com\/wp-content\/uploads\/2020\/11\/Capture-decran-2021-03-29-a-15.38.45-713x840-990x840.png\",\"contentUrl\":\"https:\/\/gdrvertige.com\/wp-content\/uploads\/2020\/11\/Capture-decran-2021-03-29-a-15.38.45-713x840-990x840.png\"},{\"@type\":\"BreadcrumbList\",\"@id\":\"https:\/\/gdrvertige.com\/en\/news\/#breadcrumb\",\"itemListElement\":[{\"@type\":\"ListItem\",\"position\":1,\"name\":\"Accueil\",\"item\":\"https:\/\/gdrvertige.com\/en\/\"},{\"@type\":\"ListItem\",\"position\":2,\"name\":\"News\"}]},{\"@type\":\"WebSite\",\"@id\":\"https:\/\/gdrvertige.com\/en\/#website\",\"url\":\"https:\/\/gdrvertige.com\/en\/\",\"name\":\"GDR Vertige\",\"description\":\"\",\"publisher\":{\"@id\":\"https:\/\/gdrvertige.com\/en\/#organization\"},\"potentialAction\":[{\"@type\":\"SearchAction\",\"target\":{\"@type\":\"EntryPoint\",\"urlTemplate\":\"https:\/\/gdrvertige.com\/en\/?s={search_term_string}\"},\"query-input\":{\"@type\":\"PropertyValueSpecification\",\"valueRequired\":true,\"valueName\":\"search_term_string\"}}],\"inLanguage\":\"en-US\"},{\"@type\":\"Organization\",\"@id\":\"https:\/\/gdrvertige.com\/en\/#organization\",\"name\":\"GDR Vertige\",\"url\":\"https:\/\/gdrvertige.com\/en\/\",\"logo\":{\"@type\":\"ImageObject\",\"inLanguage\":\"en-US\",\"@id\":\"https:\/\/gdrvertige.com\/en\/#\/schema\/logo\/image\/\",\"url\":\"https:\/\/gdrvertige.com\/wp-content\/uploads\/2020\/11\/GDR-VERTIGE_alt3.png\",\"contentUrl\":\"https:\/\/gdrvertige.com\/wp-content\/uploads\/2020\/11\/GDR-VERTIGE_alt3.png\",\"width\":1364,\"height\":538,\"caption\":\"GDR Vertige\"},\"image\":{\"@id\":\"https:\/\/gdrvertige.com\/en\/#\/schema\/logo\/image\/\"}}]}<\/script>\n<!-- \/ Yoast SEO plugin. -->","yoast_head_json":{"title":"News - GDR Vertige","robots":{"index":"index","follow":"follow","max-snippet":"max-snippet:-1","max-image-preview":"max-image-preview:large","max-video-preview":"max-video-preview:-1"},"canonical":"https:\/\/gdrvertige.com\/en\/news\/","og_locale":"en_US","og_type":"article","og_title":"News - GDR Vertige","og_description":"29\/03\/2021 actu &#8230; Lire la suite09\/03\/2021 Conf\u00e9rence \u00e0 la Cit\u00e9 des Science (16 Mars \u00e0 19h) \u00ab&nbsp;Quand nos \u00e9motions donnent le vertige&nbsp;\u00bb A&#8230; Lire la suite","og_url":"https:\/\/gdrvertige.com\/en\/news\/","og_site_name":"GDR Vertige","article_modified_time":"2021-07-08T17:30:25+00:00","og_image":[{"url":"https:\/\/gdrvertige.com\/wp-content\/uploads\/2020\/11\/Capture-decran-2021-03-29-a-15.38.45-713x840-990x840.png","type":"","width":"","height":""}],"twitter_card":"summary_large_image","schema":{"@context":"https:\/\/schema.org","@graph":[{"@type":"WebPage","@id":"https:\/\/gdrvertige.com\/en\/news\/","url":"https:\/\/gdrvertige.com\/en\/news\/","name":"News - GDR Vertige","isPartOf":{"@id":"https:\/\/gdrvertige.com\/en\/#website"},"primaryImageOfPage":{"@id":"https:\/\/gdrvertige.com\/en\/news\/#primaryimage"},"image":{"@id":"https:\/\/gdrvertige.com\/en\/news\/#primaryimage"},"thumbnailUrl":"https:\/\/gdrvertige.com\/wp-content\/uploads\/2020\/11\/Capture-decran-2021-03-29-a-15.38.45-713x840-990x840.png","datePublished":"2021-05-20T08:10:23+00:00","dateModified":"2021-07-08T17:30:25+00:00","breadcrumb":{"@id":"https:\/\/gdrvertige.com\/en\/news\/#breadcrumb"},"inLanguage":"en-US","potentialAction":[{"@type":"ReadAction","target":["https:\/\/gdrvertige.com\/en\/news\/"]}]},{"@type":"ImageObject","inLanguage":"en-US","@id":"https:\/\/gdrvertige.com\/en\/news\/#primaryimage","url":"https:\/\/gdrvertige.com\/wp-content\/uploads\/2020\/11\/Capture-decran-2021-03-29-a-15.38.45-713x840-990x840.png","contentUrl":"https:\/\/gdrvertige.com\/wp-content\/uploads\/2020\/11\/Capture-decran-2021-03-29-a-15.38.45-713x840-990x840.png"},{"@type":"BreadcrumbList","@id":"https:\/\/gdrvertige.com\/en\/news\/#breadcrumb","itemListElement":[{"@type":"ListItem","position":1,"name":"Accueil","item":"https:\/\/gdrvertige.com\/en\/"},{"@type":"ListItem","position":2,"name":"News"}]},{"@type":"WebSite","@id":"https:\/\/gdrvertige.com\/en\/#website","url":"https:\/\/gdrvertige.com\/en\/","name":"GDR Vertige","description":"","publisher":{"@id":"https:\/\/gdrvertige.com\/en\/#organization"},"potentialAction":[{"@type":"SearchAction","target":{"@type":"EntryPoint","urlTemplate":"https:\/\/gdrvertige.com\/en\/?s={search_term_string}"},"query-input":{"@type":"PropertyValueSpecification","valueRequired":true,"valueName":"search_term_string"}}],"inLanguage":"en-US"},{"@type":"Organization","@id":"https:\/\/gdrvertige.com\/en\/#organization","name":"GDR Vertige","url":"https:\/\/gdrvertige.com\/en\/","logo":{"@type":"ImageObject","inLanguage":"en-US","@id":"https:\/\/gdrvertige.com\/en\/#\/schema\/logo\/image\/","url":"https:\/\/gdrvertige.com\/wp-content\/uploads\/2020\/11\/GDR-VERTIGE_alt3.png","contentUrl":"https:\/\/gdrvertige.com\/wp-content\/uploads\/2020\/11\/GDR-VERTIGE_alt3.png","width":1364,"height":538,"caption":"GDR Vertige"},"image":{"@id":"https:\/\/gdrvertige.com\/en\/#\/schema\/logo\/image\/"}}]}},"_links":{"self":[{"href":"https:\/\/gdrvertige.com\/en\/wp-json\/wp\/v2\/pages\/5047","targetHints":{"allow":["GET"]}}],"collection":[{"href":"https:\/\/gdrvertige.com\/en\/wp-json\/wp\/v2\/pages"}],"about":[{"href":"https:\/\/gdrvertige.com\/en\/wp-json\/wp\/v2\/types\/page"}],"author":[{"embeddable":true,"href":"https:\/\/gdrvertige.com\/en\/wp-json\/wp\/v2\/users\/1"}],"replies":[{"embeddable":true,"href":"https:\/\/gdrvertige.com\/en\/wp-json\/wp\/v2\/comments?post=5047"}],"version-history":[{"count":4,"href":"https:\/\/gdrvertige.com\/en\/wp-json\/wp\/v2\/pages\/5047\/revisions"}],"predecessor-version":[{"id":5612,"href":"https:\/\/gdrvertige.com\/en\/wp-json\/wp\/v2\/pages\/5047\/revisions\/5612"}],"wp:attachment":[{"href":"https:\/\/gdrvertige.com\/en\/wp-json\/wp\/v2\/media?parent=5047"}],"curies":[{"name":"wp","href":"https:\/\/api.w.org\/{rel}","templated":true}]}}